{"id":3209,"date":"2022-06-23T12:17:50","date_gmt":"2022-06-23T10:17:50","guid":{"rendered":"https:\/\/casapalma12.es\/?page_id=3209"},"modified":"2025-02-21T12:24:39","modified_gmt":"2025-02-21T10:24:39","slug":"politica-de-cancel%c2%b7lacio","status":"publish","type":"page","link":"https:\/\/casapalma12.es\/ca\/politica-de-cancel%c2%b7lacio\/","title":{"rendered":"Pol\u00edtica de cancel\u00b7laci\u00f3"},"content":{"rendered":"<div class=\"wpb-content-wrapper\"><p>[vc_row full_width=&#8221;stretch_row_content&#8221; css=&#8221;.vc_custom_1740133494981{margin-top: 3% !important;margin-bottom: 3% !important;}&#8221;][vc_column][vc_column_text]Pol\u00edtica de cancel\u00b7laci\u00f3<\/p>\n<p>Casa Palma 12 segueix estrictament la pol\u00edtica de cancel\u00b7laci\u00f3 sense excepcions. Anul\u00b7laci\u00f3 de reserva aplicable a tots els allotjaments disponibles:<\/p>\n<p>Si cancel\u00b7leu:<\/p>\n<p>&#8211; Fins a 14 dies abans del check -in, rebr\u00e0 un reemborsament del 100% (mantindr\u00e0s el 0% de l&#8217;import de la reserva).<\/p>\n<p>&#8211; Menys de 14 dies abans del check -in, no rebr\u00e0 cap reemborsament (mantindr\u00e0s el 100% de l&#8217;import de la reserva).<\/p>\n<p>En tots els casos, podreu renunciar a la devoluci\u00f3 i utilitzar el 100% de la reserva en qualsevol altre dia del calendari (sempre subjecte a la vostra disponibilitat).<\/p>\n<p>Si heu reservat a trav\u00e9s d&#8217;una altra plataforma de reserves ( Booking , Airbnb, etc.) haur\u00e0 de seguir la pol\u00edtica de cancel\u00b7laci\u00f3 d&#8217;aquesta plataforma.<\/p>\n<p>Casa Palma 12 no ser\u00e0 responsable, en cas de cancel\u00b7laci\u00f3, d&#8217;altres despeses personals, com ara bitllets d&#8217;avi\u00f3.<br \/>\nPer a qualsevol consulta si us plau contacti&#8217;ns per tel\u00e8fon: +34 627 914 123 o info@casalapalma.es[\/vc_column_text][\/vc_column][\/vc_row]<\/p>\n<\/div>","protected":false},"excerpt":{"rendered":"<p>[vc_row full_width=&#8221;stretch_row_content&#8221; css=&#8221;.vc_custom_1740133494981{margin-top: 3% !important;margin-bottom: 3% !important;}&#8221;][vc_column][vc_column_text]Pol\u00edtica de cancel\u00b7laci\u00f3 Casa Palma 12 segueix estrictament la pol\u00edtica de cancel\u00b7laci\u00f3 sense excepcions. Anul\u00b7laci\u00f3 de reserva aplicable a tots els allotjaments disponibles: Si cancel\u00b7leu: &#8211; Fins a 14 dies abans del check -in, rebr\u00e0 un reemborsament del 100% (mantindr\u00e0s el 0% de l&#8217;import de la reserva). &#8211; Menys&hellip;<\/p>\n","protected":false},"author":1,"featured_media":0,"parent":0,"menu_order":0,"comment_status":"closed","ping_status":"closed","template":"","meta":{"footnotes":""},"class_list":["post-3209","page","type-page","status-publish","hentry","description-off"],"_links":{"self":[{"href":"https:\/\/casapalma12.es\/ca\/wp-json\/wp\/v2\/pages\/3209","targetHints":{"allow":["GET"]}}],"collection":[{"href":"https:\/\/casapalma12.es\/ca\/wp-json\/wp\/v2\/pages"}],"about":[{"href":"https:\/\/casapalma12.es\/ca\/wp-json\/wp\/v2\/types\/page"}],"author":[{"embeddable":true,"href":"https:\/\/casapalma12.es\/ca\/wp-json\/wp\/v2\/users\/1"}],"replies":[{"embeddable":true,"href":"https:\/\/casapalma12.es\/ca\/wp-json\/wp\/v2\/comments?post=3209"}],"version-history":[{"count":3,"href":"https:\/\/casapalma12.es\/ca\/wp-json\/wp\/v2\/pages\/3209\/revisions"}],"predecessor-version":[{"id":5220,"href":"https:\/\/casapalma12.es\/ca\/wp-json\/wp\/v2\/pages\/3209\/revisions\/5220"}],"wp:attachment":[{"href":"https:\/\/casapalma12.es\/ca\/wp-json\/wp\/v2\/media?parent=3209"}],"curies":[{"name":"wp","href":"https:\/\/api.w.org\/{rel}","templated":true}]}}