{"id":2633,"date":"2021-08-26T12:05:17","date_gmt":"2021-08-26T10:05:17","guid":{"rendered":"https:\/\/casapalma12.es\/?page_id=2633"},"modified":"2025-03-13T17:19:58","modified_gmt":"2025-03-13T15:19:58","slug":"allotjaments","status":"publish","type":"page","link":"https:\/\/casapalma12.es\/ca\/allotjaments\/","title":{"rendered":"Allotjaments"},"content":{"rendered":"<div class=\"wpb-content-wrapper\"><p>[vc_row full_width=&#8221;stretch_row_content_no_spaces&#8221; gap=&#8221;20&#8243; css_animation=&#8221;top-to-bottom&#8221; css=&#8221;.vc_custom_1741879188006{margin-top: 3% !important;margin-right: 5% !important;margin-bottom: 3% !important;margin-left: 5% !important;padding-right: 2% !important;padding-left: 2% !important;}&#8221;][vc_column width=&#8221;1\/2&#8243;][vc_raw_html css=&#8221;.vc_custom_1739984129512{margin-bottom: 32px !important;}&#8221;]JTVCbXBoYl9yb29tJTIwaWQlM0QlMjIyNjYzJTIyJTIwdGl0bGUlM0QlMjJ0cnVlJTIyJTIwZmVhdHVyZWRfaW1hZ2UlM0QlMjJ0cnVlJTIyJTIwZGV0YWlscyUzRCUyMmZhbHNlJTIyJTIwdmlld19idXR0b24lM0QlMjJmYWxzZSUyMiUyMGJvb2tfYnV0dG9uJTNEJTIyZmFsc2UlMjIlNUQlMEE=[\/vc_raw_html][vc_row_inner content_placement=&#8221;top&#8221;][vc_column_inner width=&#8221;1\/3&#8243; css=&#8221;.vc_custom_1740039954829{margin-bottom: 16px !important;}&#8221;]<style type=\"text\/css\" data-type=\"the7_shortcodes-inline-css\">#default-btn-3ad768444f236f1c7ccfde61a148ff52.ico-right-side > i {\n  margin-right: 0px;\n  margin-left: 8px;\n}\n#default-btn-3ad768444f236f1c7ccfde61a148ff52 > i {\n  margin-right: 8px;\n}<\/style><div class=\"btn-align-center\"><a href=\"https:\/\/casapalma12.es\/ca\/accommodation\/apartament-merlot\/\" class=\"default-btn-shortcode dt-btn dt-btn-s link-hover-off \" id=\"default-btn-3ad768444f236f1c7ccfde61a148ff52\"><span>Veure detalls<\/span><\/a><\/div>[\/vc_column_inner][vc_column_inner width=&#8221;1\/3&#8243; css=&#8221;.vc_custom_1740039875881{margin-bottom: 16px !important;}&#8221;]<style type=\"text\/css\" data-type=\"the7_shortcodes-inline-css\">#default-btn-1426d7ac6be0cc2b45a96c4721d0aab4.ico-right-side > i {\n  margin-right: 0px;\n  margin-left: 8px;\n}\n#default-btn-1426d7ac6be0cc2b45a96c4721d0aab4 > i {\n  margin-right: 8px;\n}<\/style><div class=\"btn-align-center\"><a href=\"https:\/\/casapalma12.vacation-bookings.com\/\" class=\"default-btn-shortcode dt-btn dt-btn-s link-hover-off \" target=\"_blank\" id=\"default-btn-1426d7ac6be0cc2b45a96c4721d0aab4\" title=\"Hacer reserva\" rel=\"noopener\"><span>Fer reserva<\/span><\/a><\/div>[\/vc_column_inner][vc_column_inner width=&#8221;1\/3&#8243; css=&#8221;.vc_custom_1740039966038{margin-bottom: 16px !important;}&#8221;]<style type=\"text\/css\" data-type=\"the7_shortcodes-inline-css\">#default-btn-5bf8ec1a9fa557b2bf5a3d741b649c80.ico-right-side > i {\n  margin-right: 0px;\n  margin-left: 8px;\n}\n#default-btn-5bf8ec1a9fa557b2bf5a3d741b649c80 > i {\n  margin-right: 8px;\n}<\/style><div class=\"btn-align-center\"><a href=\"https:\/\/my.matterport.com\/show\/?m=yELo9d22Xzz\" class=\"default-btn-shortcode dt-btn dt-btn-s link-hover-off \" target=\"_blank\" id=\"default-btn-5bf8ec1a9fa557b2bf5a3d741b649c80\" title=\"Tour Merlot 360\" rel=\"noopener\"><span>Tour Virtual<\/span><\/a><\/div>[\/vc_column_inner][\/vc_row_inner][\/vc_column][vc_column width=&#8221;1\/2&#8243;][vc_raw_html css=&#8221;.vc_custom_1740041753311{margin-bottom: 32px !important;}&#8221;]JTVCbXBoYl9yb29tJTIwaWQlM0QlMjIyNjYyJTIyJTIwdGl0bGUlM0QlMjJ0cnVlJTIyJTIwZmVhdHVyZWRfaW1hZ2UlM0QlMjJ0cnVlJTIyJTIwZGV0YWlscyUzRCUyMmZhbHNlJTIyJTIwdmlld19idXR0b24lM0QlMjJmYWxzZSUyMiUyMGJvb2tfYnV0dG9uJTNEJTIyZmFsc2UlMjIlNUQlMEE=[\/vc_raw_html][vc_row_inner content_placement=&#8221;top&#8221;][vc_column_inner width=&#8221;1\/3&#8243; css=&#8221;.vc_custom_1740039975999{margin-bottom: 16px !important;}&#8221;]<style type=\"text\/css\" data-type=\"the7_shortcodes-inline-css\">#default-btn-01adfdf1da79424fc11d4eef486e4a8d.ico-right-side > i {\n  margin-right: 0px;\n  margin-left: 8px;\n}\n#default-btn-01adfdf1da79424fc11d4eef486e4a8d > i {\n  margin-right: 8px;\n}<\/style><div class=\"btn-align-center\"><a href=\"https:\/\/casapalma12.es\/ca\/accommodation\/apartament-xarel%c2%b7lo\/\" class=\"default-btn-shortcode dt-btn dt-btn-s link-hover-off \" id=\"default-btn-01adfdf1da79424fc11d4eef486e4a8d\"><span>Veure detalls<\/span><\/a><\/div>[\/vc_column_inner][vc_column_inner width=&#8221;1\/3&#8243; css=&#8221;.vc_custom_1740039986530{margin-bottom: 16px !important;}&#8221;]<style type=\"text\/css\" data-type=\"the7_shortcodes-inline-css\">#default-btn-1426d7ac6be0cc2b45a96c4721d0aab4.ico-right-side > i {\n  margin-right: 0px;\n  margin-left: 8px;\n}\n#default-btn-1426d7ac6be0cc2b45a96c4721d0aab4 > i {\n  margin-right: 8px;\n}<\/style><div class=\"btn-align-center\"><a href=\"https:\/\/casapalma12.vacation-bookings.com\/\" class=\"default-btn-shortcode dt-btn dt-btn-s link-hover-off \" target=\"_blank\" id=\"default-btn-1426d7ac6be0cc2b45a96c4721d0aab4\" title=\"Hacer reserva\" rel=\"noopener\"><span>Fer reserva<\/span><\/a><\/div>[\/vc_column_inner][vc_column_inner width=&#8221;1\/3&#8243; css=&#8221;.vc_custom_1740039995153{margin-bottom: 16px !important;}&#8221;]<style type=\"text\/css\" data-type=\"the7_shortcodes-inline-css\">#default-btn-bdedbdd07e47d46b8662ef329dea4060.ico-right-side > i {\n  margin-right: 0px;\n  margin-left: 8px;\n}\n#default-btn-bdedbdd07e47d46b8662ef329dea4060 > i {\n  margin-right: 8px;\n}<\/style><div class=\"btn-align-center\"><a href=\"https:\/\/my.matterport.com\/show\/?m=8ea9oHzmeY6\" class=\"default-btn-shortcode dt-btn dt-btn-s link-hover-off \" target=\"_blank\" id=\"default-btn-bdedbdd07e47d46b8662ef329dea4060\" title=\"Tour Merlot 360\" rel=\"noopener\"><span>Tour Virtual<\/span><\/a><\/div>[\/vc_column_inner][\/vc_row_inner][\/vc_column][\/vc_row][vc_row full_width=&#8221;stretch_row_content_no_spaces&#8221; gap=&#8221;20&#8243; css=&#8221;.vc_custom_1741879195528{margin-top: 3% !important;margin-right: 10px !important;margin-bottom: 3% !important;margin-left: 10% !important;padding-right: 2% !important;padding-left: 2% !important;}&#8221;][vc_column width=&#8221;1\/2&#8243;][vc_raw_html css=&#8221;.vc_custom_1740041758796{margin-bottom: 32px !important;}&#8221;]JTVCbXBoYl9yb29tJTIwaWQlM0QlMjIyNjU2JTIyJTIwdGl0bGUlM0QlMjJ0cnVlJTIyJTIwZmVhdHVyZWRfaW1hZ2UlM0QlMjJ0cnVlJTIyJTIwZGV0YWlscyUzRCUyMmZhbHNlJTIyJTIwdmlld19idXR0b24lM0QlMjJmYWxzZSUyMiUyMGJvb2tfYnV0dG9uJTNEJTIyZmFsc2UlMjIlNUQlMEE=[\/vc_raw_html][vc_row_inner content_placement=&#8221;top&#8221;][vc_column_inner width=&#8221;1\/3&#8243; css=&#8221;.vc_custom_1740040026619{margin-bottom: 16px !important;}&#8221;]<style type=\"text\/css\" data-type=\"the7_shortcodes-inline-css\">#default-btn-43d2876cdcce613bc39be8a047a86fd2.ico-right-side > i {\n  margin-right: 0px;\n  margin-left: 8px;\n}\n#default-btn-43d2876cdcce613bc39be8a047a86fd2 > i {\n  margin-right: 8px;\n}<\/style><div class=\"btn-align-center\"><a href=\"https:\/\/casapalma12.es\/ca\/accommodation\/ull-de-llebre-area\/\" class=\"default-btn-shortcode dt-btn dt-btn-s link-hover-off \" id=\"default-btn-43d2876cdcce613bc39be8a047a86fd2\"><span>Veure detalls<\/span><\/a><\/div>[\/vc_column_inner][vc_column_inner width=&#8221;1\/3&#8243; css=&#8221;.vc_custom_1740040034411{margin-bottom: 16px !important;}&#8221;]<style type=\"text\/css\" data-type=\"the7_shortcodes-inline-css\">#default-btn-1b03c60d6bb3b9938f49d45d7f13ae97.ico-right-side > i {\n  margin-right: 0px;\n  margin-left: 8px;\n}\n#default-btn-1b03c60d6bb3b9938f49d45d7f13ae97 > i {\n  margin-right: 8px;\n}<\/style><div class=\"btn-align-center\"><a href=\"https:\/\/casapalma12.es\/accommodation\/ull-de-llebre-area\/\" class=\"default-btn-shortcode dt-btn dt-btn-s link-hover-off \" target=\"_blank\" id=\"default-btn-1b03c60d6bb3b9938f49d45d7f13ae97\" title=\"Hacer reserva\" rel=\"noopener\"><span>Fer reserva<\/span><\/a><\/div>[\/vc_column_inner][vc_column_inner width=&#8221;1\/3&#8243; css=&#8221;.vc_custom_1740040045458{margin-bottom: 16px !important;}&#8221;]<style type=\"text\/css\" data-type=\"the7_shortcodes-inline-css\">#default-btn-28e321caa6e28461518ae3aa6903171d.ico-right-side > i {\n  margin-right: 0px;\n  margin-left: 8px;\n}\n#default-btn-28e321caa6e28461518ae3aa6903171d > i {\n  margin-right: 8px;\n}<\/style><div class=\"btn-align-center\"><a href=\"https:\/\/my.matterport.com\/show\/?m=Xs2t8jQG8Ey\" class=\"default-btn-shortcode dt-btn dt-btn-s link-hover-off \" target=\"_blank\" id=\"default-btn-28e321caa6e28461518ae3aa6903171d\" title=\"Tour Ull 360\" rel=\"noopener\"><span>Tour Virtual<\/span><\/a><\/div>[\/vc_column_inner][\/vc_row_inner][\/vc_column][vc_column width=&#8221;1\/2&#8243;][vc_raw_html css=&#8221;.vc_custom_1739984434349{margin-bottom: 32px !important;}&#8221;]JTVCbXBoYl9yb29tJTIwaWQlM0QlMjIyNjU4JTIyJTIwdGl0bGUlM0QlMjJ0cnVlJTIyJTIwZmVhdHVyZWRfaW1hZ2UlM0QlMjJ0cnVlJTIyJTIwZGV0YWlscyUzRCUyMmZhbHNlJTIyJTIwdmlld19idXR0b24lM0QlMjJmYWxzZSUyMiUyMGJvb2tfYnV0dG9uJTNEJTIyZmFsc2UlMjIlNUQlMEE=[\/vc_raw_html][vc_row_inner content_placement=&#8221;top&#8221;][vc_column_inner width=&#8221;1\/3&#8243; css=&#8221;.vc_custom_1740040003610{margin-bottom: 16px !important;}&#8221;]<style type=\"text\/css\" data-type=\"the7_shortcodes-inline-css\">#default-btn-15ce2821543bb48aa2bb749c52e0f6c1.ico-right-side > i {\n  margin-right: 0px;\n  margin-left: 8px;\n}\n#default-btn-15ce2821543bb48aa2bb749c52e0f6c1 > i {\n  margin-right: 8px;\n}<\/style><div class=\"btn-align-center\"><a href=\"https:\/\/casapalma12.es\/accommodation\/casa-completa\/\" class=\"default-btn-shortcode dt-btn dt-btn-s link-hover-off \" id=\"default-btn-15ce2821543bb48aa2bb749c52e0f6c1\"><span>Veure detalls<\/span><\/a><\/div>[\/vc_column_inner][vc_column_inner width=&#8221;1\/3&#8243; css=&#8221;.vc_custom_1740040011412{margin-bottom: 16px !important;}&#8221;]<style type=\"text\/css\" data-type=\"the7_shortcodes-inline-css\">#default-btn-1426d7ac6be0cc2b45a96c4721d0aab4.ico-right-side > i {\n  margin-right: 0px;\n  margin-left: 8px;\n}\n#default-btn-1426d7ac6be0cc2b45a96c4721d0aab4 > i {\n  margin-right: 8px;\n}<\/style><div class=\"btn-align-center\"><a href=\"https:\/\/casapalma12.vacation-bookings.com\/\" class=\"default-btn-shortcode dt-btn dt-btn-s link-hover-off \" target=\"_blank\" id=\"default-btn-1426d7ac6be0cc2b45a96c4721d0aab4\" title=\"Hacer reserva\" rel=\"noopener\"><span>Fer reserva<\/span><\/a><\/div>[\/vc_column_inner][vc_column_inner width=&#8221;1\/3&#8243; css=&#8221;.vc_custom_1740040018129{margin-bottom: 16px !important;}&#8221;]<style type=\"text\/css\" data-type=\"the7_shortcodes-inline-css\">#default-btn-752c441f2e3803394cb55011e36ac140.ico-right-side > i {\n  margin-right: 0px;\n  margin-left: 8px;\n}\n#default-btn-752c441f2e3803394cb55011e36ac140 > i {\n  margin-right: 8px;\n}<\/style><div class=\"btn-align-center\"><a href=\"https:\/\/my.matterport.com\/show\/?m=eZ7kPckhaE1\" class=\"default-btn-shortcode dt-btn dt-btn-s link-hover-off \" target=\"_blank\" id=\"default-btn-752c441f2e3803394cb55011e36ac140\" title=\"Tour Casa 360\" rel=\"noopener\"><span>Tour Virtual<\/span><\/a><\/div>[\/vc_column_inner][\/vc_row_inner][\/vc_column][\/vc_row][vc_row][vc_column width=&#8221;1\/6&#8243; offset=&#8221;vc_hidden-lg vc_hidden-md vc_hidden-sm vc_hidden-xs&#8221;][\/vc_column][vc_column width=&#8221;2\/3&#8243; offset=&#8221;vc_hidden-lg vc_hidden-md vc_hidden-sm vc_hidden-xs&#8221;][vc_column_text]<div class=\"mphb_sc_rooms-wrapper mphb-room-types \">\n<div class=\"mphb-room-type post-2659 mphb_room_type type-mphb_room_type status-publish has-post-thumbnail mphb_room_type_category-general-cat mphb_room_type_category-64 description-off mphb-room-type-adults-6 mphb-room-type-children-0\">\n\n\t\n\t\n\n\t<p class=\"post-thumbnail mphb-loop-room-thumbnail\">\n\t<a href=\"https:\/\/casapalma12.es\/ca\/accommodation\/apartament-merlot\/\">\n\t<img loading=\"lazy\" decoding=\"async\" width=\"1520\" height=\"1013\" src=\"https:\/\/casapalma12.es\/wp-content\/uploads\/2025\/02\/Merlot-005.jpg\" class=\"attachment-post-thumbnail size-post-thumbnail wp-post-image\" alt=\"\" srcset=\"https:\/\/casapalma12.es\/wp-content\/uploads\/2025\/02\/Merlot-005.jpg 1520w, https:\/\/casapalma12.es\/wp-content\/uploads\/2025\/02\/Merlot-005-300x200.jpg 300w, https:\/\/casapalma12.es\/wp-content\/uploads\/2025\/02\/Merlot-005-1024x682.jpg 1024w, https:\/\/casapalma12.es\/wp-content\/uploads\/2025\/02\/Merlot-005-768x512.jpg 768w\" sizes=\"auto, (max-width: 1520px) 100vw, 1520px\" \/>\t<\/a>\n\n\t<\/p>\n\n<h2 class=\"mphb-room-type-title entry-title\">\n\n<a class=\"mphb-room-type-title\" href=\"https:\/\/casapalma12.es\/ca\/accommodation\/apartament-merlot\/\">Apartament Merlot<\/a>\n\n<\/h2>\n\n<p>L\u2019apartament Merlot \u00e9s una zona especial dins de Casa La Palma 12, plena de tradici\u00f3, modernitat, qualitat i confort.<\/p>\n\n\n\n<p class=\"mphb-view-details-button-wrapper\">\n<a class=\"button mphb-view-details-button\" href=\"https:\/\/casapalma12.es\/ca\/accommodation\/apartament-merlot\/\" >Veure detalls<\/a>\n<\/p>\n<div class=\"mphb-to-book-btn-wrapper\">\n<form action=\"https:\/\/casapalma12.es\/ca\/accommodation\/apartament-merlot\/#booking-form-2659\" method=\"get\" ><button type=\"submit\" class=\"button mphb-book-button\" >Reservar<\/button><\/form>\n<br\/><\/div><p class=\"mphb-view-details-button-wrapper\" data-post_id=\"2659\">\n<a class=\"button mphb-view-details-button\" href=\"https:\/\/casapalma12.vacation-bookings.com\/\" target=\"_blank\">Reservar<\/a>\n<\/p>\n\t\n<\/div>\n\n\n<div class=\"mphb-room-type post-2661 mphb_room_type type-mphb_room_type status-publish has-post-thumbnail mphb_room_type_category-general-cat mphb_room_type_category-64 description-off mphb-room-type-adults-6 mphb-room-type-children-0\">\n\n\t\n\t\n\n\t<p class=\"post-thumbnail mphb-loop-room-thumbnail\">\n\t<a href=\"https:\/\/casapalma12.es\/ca\/accommodation\/apartament-xarel%c2%b7lo\/\">\n\t<img loading=\"lazy\" decoding=\"async\" width=\"1520\" height=\"1013\" src=\"https:\/\/casapalma12.es\/wp-content\/uploads\/2025\/02\/Xarello-002.jpg\" class=\"attachment-post-thumbnail size-post-thumbnail wp-post-image\" alt=\"\" srcset=\"https:\/\/casapalma12.es\/wp-content\/uploads\/2025\/02\/Xarello-002.jpg 1520w, https:\/\/casapalma12.es\/wp-content\/uploads\/2025\/02\/Xarello-002-300x200.jpg 300w, https:\/\/casapalma12.es\/wp-content\/uploads\/2025\/02\/Xarello-002-1024x682.jpg 1024w, https:\/\/casapalma12.es\/wp-content\/uploads\/2025\/02\/Xarello-002-768x512.jpg 768w\" sizes=\"auto, (max-width: 1520px) 100vw, 1520px\" \/>\t<\/a>\n\n\t<\/p>\n\n<h2 class=\"mphb-room-type-title entry-title\">\n\n<a class=\"mphb-room-type-title\" href=\"https:\/\/casapalma12.es\/ca\/accommodation\/apartament-xarel%c2%b7lo\/\">Apartament Xarel\u00b7lo<\/a>\n\n<\/h2>\n\n<p>L\u2019apartament Xarel\u00b7lo est\u00e0 dissenyat per viure una experi\u00e8ncia \u00fanica de confort total en una casa hist\u00f2rica.<\/p>\n\n\n\n<p class=\"mphb-view-details-button-wrapper\">\n<a class=\"button mphb-view-details-button\" href=\"https:\/\/casapalma12.es\/ca\/accommodation\/apartament-xarel%c2%b7lo\/\" >Veure detalls<\/a>\n<\/p>\n<div class=\"mphb-to-book-btn-wrapper\">\n<form action=\"https:\/\/casapalma12.es\/ca\/accommodation\/apartament-xarel%c2%b7lo\/#booking-form-2661\" method=\"get\" ><button type=\"submit\" class=\"button mphb-book-button\" >Reservar<\/button><\/form>\n<br\/><\/div><p class=\"mphb-view-details-button-wrapper\" data-post_id=\"2661\">\n<a class=\"button mphb-view-details-button\" href=\"https:\/\/casapalma12.vacation-bookings.com\/\" target=\"_blank\">Reservar<\/a>\n<\/p>\n\t\n<\/div>\n\n\n<div class=\"mphb-room-type post-2657 mphb_room_type type-mphb_room_type status-publish has-post-thumbnail mphb_room_type_category-general-cat mphb_room_type_category-64 description-off mphb-room-type-adults-12 mphb-room-type-children-0\">\n\n\t\n\t\n\n\t<p class=\"post-thumbnail mphb-loop-room-thumbnail\">\n\t<a href=\"https:\/\/casapalma12.es\/ca\/accommodation\/casa-completa\/\">\n\t<img loading=\"lazy\" decoding=\"async\" width=\"1519\" height=\"1013\" src=\"https:\/\/casapalma12.es\/wp-content\/uploads\/2019\/08\/Xarello23.jpg\" class=\"attachment-post-thumbnail size-post-thumbnail wp-post-image\" alt=\"\" srcset=\"https:\/\/casapalma12.es\/wp-content\/uploads\/2019\/08\/Xarello23.jpg 1519w, https:\/\/casapalma12.es\/wp-content\/uploads\/2019\/08\/Xarello23-300x200.jpg 300w, https:\/\/casapalma12.es\/wp-content\/uploads\/2019\/08\/Xarello23-1024x683.jpg 1024w, https:\/\/casapalma12.es\/wp-content\/uploads\/2019\/08\/Xarello23-768x512.jpg 768w, https:\/\/casapalma12.es\/wp-content\/uploads\/2019\/08\/Xarello23-600x400.jpg 600w\" sizes=\"auto, (max-width: 1519px) 100vw, 1519px\" \/>\t<\/a>\n\n\t<\/p>\n\n<h2 class=\"mphb-room-type-title entry-title\">\n\n<a class=\"mphb-room-type-title\" href=\"https:\/\/casapalma12.es\/ca\/accommodation\/casa-completa\/\">Casa completa<\/a>\n\n<\/h2>\n\n<p>Casa Palma combina tradici\u00f3 i modernitat en un edifici hist\u00f2ric i emblem\u00e0tic, on et sentir\u00e0s com a casa.<\/p>\n\n\n\n<p class=\"mphb-view-details-button-wrapper\">\n<a class=\"button mphb-view-details-button\" href=\"https:\/\/casapalma12.es\/ca\/accommodation\/casa-completa\/\" >Veure detalls<\/a>\n<\/p>\n<div class=\"mphb-to-book-btn-wrapper\">\n<form action=\"https:\/\/casapalma12.es\/ca\/accommodation\/casa-completa\/#booking-form-2657\" method=\"get\" ><button type=\"submit\" class=\"button mphb-book-button\" >Reservar<\/button><\/form>\n<br\/><\/div><p class=\"mphb-view-details-button-wrapper\" data-post_id=\"2657\">\n<a class=\"button mphb-view-details-button\" href=\"https:\/\/casapalma12.vacation-bookings.com\/\" target=\"_blank\">Reservar<\/a>\n<\/p>\n\t\n<\/div>\n\n\n<div class=\"mphb-room-type post-2655 mphb_room_type type-mphb_room_type status-publish has-post-thumbnail mphb_room_type_category-general-cat mphb_room_type_category-64 description-off mphb-room-type-adults-12 mphb-room-type-children-0\">\n\n\t\n\t\n\n\t<p class=\"post-thumbnail mphb-loop-room-thumbnail\">\n\t<a href=\"https:\/\/casapalma12.es\/ca\/accommodation\/ull-de-llebre-area\/\">\n\t<img loading=\"lazy\" decoding=\"async\" width=\"1348\" height=\"900\" src=\"https:\/\/casapalma12.es\/wp-content\/uploads\/2025\/02\/Ulldellebre-001.avif\" class=\"attachment-post-thumbnail size-post-thumbnail wp-post-image\" alt=\"\" srcset=\"https:\/\/casapalma12.es\/wp-content\/uploads\/2025\/02\/Ulldellebre-001.avif 1348w, https:\/\/casapalma12.es\/wp-content\/uploads\/2025\/02\/Ulldellebre-001-300x200.avif 300w, https:\/\/casapalma12.es\/wp-content\/uploads\/2025\/02\/Ulldellebre-001-1024x684.avif 1024w, https:\/\/casapalma12.es\/wp-content\/uploads\/2025\/02\/Ulldellebre-001-768x513.avif 768w\" sizes=\"auto, (max-width: 1348px) 100vw, 1348px\" \/>\t<\/a>\n\n\t<\/p>\n\n<h2 class=\"mphb-room-type-title entry-title\">\n\n<a class=\"mphb-room-type-title\" href=\"https:\/\/casapalma12.es\/ca\/accommodation\/ull-de-llebre-area\/\">Espai Ull de Llebre Area<\/a>\n\n<\/h2>\n\n<p>L\u2019apartament Ull de Llebre \u00e9s un espai tranquil per viure una experi\u00e8ncia en parella de confort total en un edifici hist\u00f2ric.<\/p>\n\n\n\n<p class=\"mphb-view-details-button-wrapper\">\n<a class=\"button mphb-view-details-button\" href=\"https:\/\/casapalma12.es\/ca\/accommodation\/ull-de-llebre-area\/\" >Veure detalls<\/a>\n<\/p>\n<div class=\"mphb-to-book-btn-wrapper\">\n<form action=\"https:\/\/casapalma12.es\/ca\/accommodation\/ull-de-llebre-area\/#booking-form-2655\" method=\"get\" ><button type=\"submit\" class=\"button mphb-book-button\" >Reservar<\/button><\/form>\n<br\/><\/div><p class=\"mphb-view-details-button-wrapper\" data-post_id=\"2655\">\n<a class=\"button mphb-view-details-button\" href=\"https:\/\/casapalma12.es\/ca\/accommodation\/ull-de-llebre-area\/\" >Reservar<\/a>\n<\/p>\n\t\n<\/div>\n\n<\/div>[\/vc_column_text][\/vc_column][vc_column width=&#8221;1\/6&#8243; offset=&#8221;vc_hidden-lg vc_hidden-md vc_hidden-sm vc_hidden-xs&#8221;][\/vc_column][\/vc_row]<\/p>\n<\/div>","protected":false},"excerpt":{"rendered":"<p>[vc_row full_width=&#8221;stretch_row_content_no_spaces&#8221; gap=&#8221;20&#8243; css_animation=&#8221;top-to-bottom&#8221; css=&#8221;.vc_custom_1741879188006{margin-top: 3% !important;margin-right: 5% !important;margin-bottom: 3% !important;margin-left: 5% !important;padding-right: 2% !important;padding-left: 2% !important;}&#8221;][vc_column width=&#8221;1\/2&#8243;][vc_raw_html css=&#8221;.vc_custom_1739984129512{margin-bottom: 32px !important;}&#8221;]JTVCbXBoYl9yb29tJTIwaWQlM0QlMjIyNjYzJTIyJTIwdGl0bGUlM0QlMjJ0cnVlJTIyJTIwZmVhdHVyZWRfaW1hZ2UlM0QlMjJ0cnVlJTIyJTIwZGV0YWlscyUzRCUyMmZhbHNlJTIyJTIwdmlld19idXR0b24lM0QlMjJmYWxzZSUyMiUyMGJvb2tfYnV0dG9uJTNEJTIyZmFsc2UlMjIlNUQlMEE=[\/vc_raw_html][vc_row_inner content_placement=&#8221;top&#8221;][vc_column_inner width=&#8221;1\/3&#8243; css=&#8221;.vc_custom_1740039954829{margin-bottom: 16px !important;}&#8221;][\/vc_column_inner][vc_column_inner width=&#8221;1\/3&#8243; css=&#8221;.vc_custom_1740039875881{margin-bottom: 16px !important;}&#8221;][\/vc_column_inner][vc_column_inner width=&#8221;1\/3&#8243; css=&#8221;.vc_custom_1740039966038{margin-bottom: 16px !important;}&#8221;][\/vc_column_inner][\/vc_row_inner][\/vc_column][vc_column width=&#8221;1\/2&#8243;][vc_raw_html css=&#8221;.vc_custom_1740041753311{margin-bottom: 32px !important;}&#8221;]JTVCbXBoYl9yb29tJTIwaWQlM0QlMjIyNjYyJTIyJTIwdGl0bGUlM0QlMjJ0cnVlJTIyJTIwZmVhdHVyZWRfaW1hZ2UlM0QlMjJ0cnVlJTIyJTIwZGV0YWlscyUzRCUyMmZhbHNlJTIyJTIwdmlld19idXR0b24lM0QlMjJmYWxzZSUyMiUyMGJvb2tfYnV0dG9uJTNEJTIyZmFsc2UlMjIlNUQlMEE=[\/vc_raw_html][vc_row_inner content_placement=&#8221;top&#8221;][vc_column_inner width=&#8221;1\/3&#8243; css=&#8221;.vc_custom_1740039975999{margin-bottom: 16px !important;}&#8221;][\/vc_column_inner][vc_column_inner width=&#8221;1\/3&#8243; css=&#8221;.vc_custom_1740039986530{margin-bottom: 16px !important;}&#8221;][\/vc_column_inner][vc_column_inner width=&#8221;1\/3&#8243; css=&#8221;.vc_custom_1740039995153{margin-bottom: 16px !important;}&#8221;][\/vc_column_inner][\/vc_row_inner][\/vc_column][\/vc_row][vc_row full_width=&#8221;stretch_row_content_no_spaces&#8221; gap=&#8221;20&#8243; css=&#8221;.vc_custom_1741879195528{margin-top: 3%&hellip;<\/p>\n","protected":false},"author":1,"featured_media":0,"parent":0,"menu_order":0,"comment_status":"closed","ping_status":"closed","template":"","meta":{"footnotes":""},"class_list":["post-2633","page","type-page","status-publish","hentry","mphb_room_type_category-64","description-off"],"_links":{"self":[{"href":"https:\/\/casapalma12.es\/ca\/wp-json\/wp\/v2\/pages\/2633","targetHints":{"allow":["GET"]}}],"collection":[{"href":"https:\/\/casapalma12.es\/ca\/wp-json\/wp\/v2\/pages"}],"about":[{"href":"https:\/\/casapalma12.es\/ca\/wp-json\/wp\/v2\/types\/page"}],"author":[{"embeddable":true,"href":"https:\/\/casapalma12.es\/ca\/wp-json\/wp\/v2\/users\/1"}],"replies":[{"embeddable":true,"href":"https:\/\/casapalma12.es\/ca\/wp-json\/wp\/v2\/comments?post=2633"}],"version-history":[{"count":3,"href":"https:\/\/casapalma12.es\/ca\/wp-json\/wp\/v2\/pages\/2633\/revisions"}],"predecessor-version":[{"id":5372,"href":"https:\/\/casapalma12.es\/ca\/wp-json\/wp\/v2\/pages\/2633\/revisions\/5372"}],"wp:attachment":[{"href":"https:\/\/casapalma12.es\/ca\/wp-json\/wp\/v2\/media?parent=2633"}],"curies":[{"name":"wp","href":"https:\/\/api.w.org\/{rel}","templated":true}]}}